{"id":204,"date":"2014-05-06T17:45:22","date_gmt":"2014-05-06T17:45:22","guid":{"rendered":"http:\/\/www.seniorenhockey.de\/?page_id=204"},"modified":"2023-02-22T16:45:32","modified_gmt":"2023-02-22T16:45:32","slug":"kontakt-und-spielerpool","status":"publish","type":"page","link":"https:\/\/www.seniorenhockey.de\/?page_id=204","title":{"rendered":"Kontakt und Spielerpool"},"content":{"rendered":"<h2><span style=\"color: #000080;\">Kontakt und&nbsp;Adressen<\/span><\/h2>\n<p><span style=\"color: #000080;\"><strong>a) Ansprechpartner&nbsp;Damen<br \/>\n<\/strong><strong><br \/>\nSchnecken (HC Wacker M\u00fcnchen)<br \/>\n<\/strong><\/span><span style=\"color: #333399;\">Nina D\u00f6llein,&nbsp;<a style=\"color: #954f72;\" href=\"mailto:nini5@gmx.net\"><span style=\"color: #333399;\">nini5 (et)&nbsp;gmx. net<\/span><\/a><\/span><\/p>\n<p><span style=\"color: #333399;\"><strong>Sportbund Rosenheim<br \/>\n<\/strong>Birgit Nielsen,&nbsp;<a href=\"mailto:birgit_nielsen@web.de\"><span style=\"color: #333399;\">birgit_nielsen&nbsp;(et)&nbsp;web. de<br \/>\n<\/span><\/a>Petra Pertl, <a href=\"mailto:petra.pertl@web.de\"><span style=\"color: #333399;\">petra.pertl&nbsp;(et)&nbsp;web. de<\/span><\/a><\/span><\/p>\n<p><span style=\"color: #000080;\"><strong>ASV M\u00fcnchen<\/strong><br \/>\nRebekka Dvor<span style=\"color: #333399;\">ak,&nbsp;<a href=\"mailto:\/\/rebekka.dvorak@parkstadtschwabing.net\"><span style=\"color: #333399;\">rebekka.dvorak <span style=\"color: #333399;\">&nbsp;(et)&nbsp;<\/span>parkstadtschwabing.net<\/span><\/a><\/span><\/span><\/p>\n<p><span style=\"color: #000080;\"><strong>M\u00fcnchner Sportclub<\/strong><br \/>\nSabine Becker,&nbsp;<a href=\"mailto:sabine.beckerbecker@t-online.de\"><span style=\"color: #000080;\">sabine.beckerbecker(et) t-online. de<\/span><\/a><\/span><\/p>\n<p><span style=\"color: #000080;\"><strong>M\u00fcnchner Mischung<\/strong><br \/>\nErika Holtherm,&nbsp;<a href=\"mailto:vavite.holtherm@gmx.de\"><span style=\"color: #000080;\">vavite.holtherm&nbsp;(et)&nbsp;gmx. de<\/span><\/a><\/span><\/p>\n<p><span style=\"color: #000080;\"><strong>HLCRW M\u00fcnchen<\/strong><br \/>\nSusanne Wimmer, <a href=\"mailto:susannewimmer@web.de\"><span style=\"color: #000080;\">susannewimmer&nbsp;(et)&nbsp;web. de<\/span><\/a><br \/>\nDaniela Wells,&nbsp;<a href=\"mailto:daniela.wells@gmx.de\"><span style=\"color: #000080;\">daniela.wells&nbsp;(et)&nbsp;gmx. de<\/span><\/a><\/span><\/p>\n<p><span style=\"color: #000080;\"><strong>ESV M\u00fcnchen<\/strong><br \/>\nHeike Kreitmaier,&nbsp;<a href=\"mailto:heike.kreitmaier@esv-hockey.de\"><span style=\"color: #000080;\">heike.kreitmaier&nbsp;(et)&nbsp;esv-hockey. de<\/span><\/a><\/span><\/p>\n<hr>\n<p><span style=\"color: #000080;\"><strong>b) Ansprechpartner&nbsp;Herren<\/strong><\/span><\/p>\n<p><strong><span style=\"color: #000080;\">Avivos (HC Wacker M\u00fcnchen)<\/span><\/strong><br \/>\n<span style=\"color: #000080;\">Herbert Schmidt,&nbsp;<a style=\"color: #954f72;\" href=\"mailto:hschmidt@glaesener-schmidt de\"><span lang=\"IT\" style=\"color: #000080;\">hschmidt (et)&nbsp;glaesener-schmidt. de<\/span><\/a><\/span><br \/>\n<span style=\"color: #000080;\">G\u00fcnther Wells,&nbsp;<a style=\"color: #954f72;\" href=\"mailto:gwells@gmx.de\"><span style=\"color: #000080;\">gwells&nbsp;(et)&nbsp;gmx. de<\/span><\/a><\/span><\/p>\n<p><span style=\"color: #000080;\"><strong>M\u00fcnchner Sportclub<\/strong><br \/>\nTobias Thelen,<a href=\"mailto:holzmuellerklaus@gmx.de\"><span style=\"color: #000080;\">&nbsp;<\/span><\/a><a style=\"color: #954f72;\" href=\"mailto:tobithelen@gmx.de\"><span lang=\"DE\" style=\"color: #000080;\">tobithelen&nbsp;(et)&nbsp;gmx. de<\/span><\/a><\/span><br \/>\n<span style=\"color: #000080;\">Christian Stadler,&nbsp;<a style=\"color: #954f72;\" href=\"mailto:christadler@t-online.de\"><span style=\"color: #000080;\">christadler&nbsp;(et)&nbsp;t-online. de<\/span><\/a><\/span><\/p>\n<p><strong><span style=\"color: #000080;\">TUS Obermenzing<\/span><\/strong><br \/>\n<span style=\"color: #000080;\">Moritz Knoblauch,<a href=\"http:\/\/m\" data-wplink-url-error=\"true\"><span style=\"color: #333399;\"> moritzknoblauch<span lang=\"EN-US\" style=\"color: #333399;\">&nbsp;(et) hotmail.com<\/span><\/span><\/a><br \/>\nTom Saeglitz, thomas.saeglitz<a href=\"mailto:thomas.saeglitz@gmx.de\"><span style=\"color: #333399;\"><span lang=\"EN-US\" style=\"color: #333399;\">&nbsp;(et) <\/span><\/span><\/a>gmx.de<\/span><\/p>\n<p><strong><span style=\"color: #000080;\">Sportbund Rosenheim<\/span><\/strong><br \/>\n<span style=\"color: #000080;\"> Andi Krapf,&nbsp;<a href=\"mailto:andikrapf@web.de\"><span style=\"color: #000080;\">andikrapf&nbsp;(et)&nbsp;web. de<br \/>\n<\/span><\/a>Frank Holthoff,&nbsp;<a href=\"mailto:holthoff@t-online.de\"><span style=\"color: #000080;\">holthoff (et)&nbsp;t-online. de<\/span><\/a><\/span><\/p>\n<p><span style=\"color: #000080;\"><strong>Club an der Isar<\/strong><br \/>\nDieter Huber,&nbsp;<\/span><span style=\"color: #333399;\"><a href=\"mailto:dieter.huber@mnet-online.de\"><span style=\"color: #333399;\">dieter.huber&nbsp;(et)&nbsp;mnet-online. de<\/span><\/a><\/span><\/p>\n<p><strong><span style=\"color: #000080;\">ASV M\u00fcnchen<\/span><\/strong><br \/>\n<span style=\"color: #000080;\">Jan Honka,<span style=\"color: #000080;\">&nbsp;<\/span><a href=\"mailto:jan.honka@googlemail.com\"><span style=\"color: #000080;\">jan.honka&nbsp;(et)&nbsp;googlemail. com<\/span><\/a><br \/>\nThomas Weinbeck,&nbsp;<a href=\"mailto:weinbeck@laconexion.de\"><span style=\"color: #000080;\">weinbeck (et) laconexion.de<\/span><\/a><\/span><\/p>\n<p><span style=\"color: #000080;\"><strong>ESV M\u00fcnchen<\/strong><br \/>\nJannis Apostolakis, <span lang=\"FR\">&nbsp;<\/span><a style=\"color: #954f72;\" href=\"mailto:jannis.apostolakis@gmx.de\"><span lang=\"FR\" style=\"color: #000080;\">jannis.apostolakis&nbsp;(et)&nbsp;gmx. de<\/span><\/a><\/span><br \/>\n<span style=\"color: #000080;\">Martin Luce,&nbsp;<a style=\"color: #954f72;\" href=\"mailto:luce@tum.de\"><span style=\"color: #000080;\">luce&nbsp;(et)&nbsp;tum. de<\/span><\/a><br \/>\n<\/span><\/p>\n<p><strong><span style=\"color: #000080;\">TSV Schwaben Augsburg<\/span><\/strong><br \/>\n<span style=\"color: #000080;\">Ferdinand Philipps, &nbsp;<a style=\"color: #000080;\" href=\"mailto:philipps@phsoft.de%20\">philipps&nbsp;(et) phsoft. de<\/a><\/span><br \/>\n<span style=\"color: #000080;\">Helmar Mayr, <a style=\"color: #000080;\" href=\"mailto:helmarmayr68@googlemail.com\">helmarmayr68 (et) googlemail.com<\/a><br \/>\n<\/span><\/p>\n<p><span style=\"color: #000080;\"><strong>HLCRW M\u00fcnchen<\/strong><br \/>\nMichael Kaplan, <a style=\"color: #000080;\" href=\"mailto:michael@familie-kaplan.de\">michael&nbsp;(et)&nbsp;familie-kaplan. de<\/a><\/span><\/p>\n<p><span style=\"color: #000080;\"><strong>TSG Pasing<\/strong><br \/>\nJulian Hergenr\u00f6ther,&nbsp;<a style=\"color: #000080;\" href=\"mailto:julian.hergenroether@gmail.com\">julian.hergenroether&nbsp;(et)&nbsp;gmail. com<\/a><\/span><br \/>\n<span style=\"color: #000080;\"> Thomas Vijverberg, <a style=\"color: #000080;\" href=\"mailto:thomas.vijverber@gmx.de\">thomas.vijverber&nbsp;(et)&nbsp;gmx. de<\/a><\/span><\/p>\n<p><span style=\"color: #000080;\"><strong>Regensburger HTC<\/strong><br \/>\nThomas Graf,&nbsp;<a style=\"color: #000080;\" href=\"mailto:graf.tom@gmail.com\">graf.tom&nbsp;(et)&nbsp;gmail. com<\/a><\/span><\/p>\n<p><span style=\"color: #000080;\"><strong>Grashoppers H\u00f6henkirchen<br \/>\n<\/strong>Oli Eigner, <a style=\"color: #000080;\" href=\"mailto:oe@gartenbau-eigner.de\">oe (et) gartenbau-eigner.de<\/a><br \/>\nStefan Opitz, <a href=\"mailto:stefan.opitz@masaso.de\"><span style=\"color: #000080;\">stefan.opitz&nbsp;(et)&nbsp;masaso.de<\/span><\/a><\/span><\/p>\n<p><span style=\"color: #000080;\">&nbsp;<\/span><\/p>\n<hr>\n<p><span style=\"color: #000080;\"><strong>c)&nbsp;Telefonnummern Halle<\/strong><\/span><\/p>\n<p><span style=\"color: #333399;\">Die Aufsichten in den folgenden st\u00e4dtischen Schulhallen m\u00fcssen sich fr\u00fchzeitig telefonisch mit den Hausmeistern (betreff Schl\u00fcssel) in Verbindung setzen.<\/span><\/p>\n<table>\n<tbody>\n<tr>\n<td><span style=\"color: #333399;\">Allach<\/span><\/td>\n<td><span style=\"color: #333399;\">Telefon: 089-81224550 oder 0162-9768626 (Mobil)<\/span><\/td>\n<\/tr>\n<tr>\n<td><span style=\"color: #333399;\">Peslm\u00fcller-Halle<\/span><\/td>\n<td><span style=\"color: #333399;\">Telefon: 089-82085909-34, Freitag von 08:00 &#8211; 11:45 Uhr<\/span><\/td>\n<\/tr>\n<tr>\n<td><span style=\"color: #333399;\">Pfarrer-Grimm-Halle<\/span><\/td>\n<td><span style=\"color: #333399;\">Telefon: 089-8928670<\/span><\/td>\n<\/tr>\n<tr>\n<td><span style=\"color: #333399;\">Elektra-Halle<\/span><\/td>\n<td><span style=\"color: #333399;\">Telefon: 089-92299690<\/span><\/td>\n<\/tr>\n<tr>\n<td><span style=\"color: #333399;\">Gera-Halle<\/span><\/td>\n<td><span style=\"color: #333399;\">Telefon: 089-233-83200<\/span><\/td>\n<\/tr>\n<tr>\n<td><span style=\"color: #333399;\">Nibelungen-Halle<\/span><\/td>\n<td><span style=\"color: #333399;\">Telefon: 089-23358606 oder 0152-09358606<\/span><\/td>\n<\/tr>\n<tr>\n<td><span style=\"color: #333399;\">Gai\u00dfacher-Halle<\/span><\/td>\n<td><span style=\"color: #333399;\">Telefon: 089-72999892<\/span><\/td>\n<\/tr>\n<tr>\n<td><span style=\"color: #333399;\">Bergson<\/span><\/td>\n<td><span style=\"color: #333399;\">Telefon: 089-233-34400<\/span><\/td>\n<\/tr>\n<tr>\n<td><span style=\"color: #333399;\">Marsplatz<\/span><\/td>\n<td><span style=\"color: #333399;\">Telefon: 089-233-38900 (Sekretariat)<\/span><\/td>\n<\/tr>\n<tr>\n<td><span style=\"color: #333399;\">Freudstra\u00dfe<\/span><\/td>\n<td><span style=\"color: #333399;\">Telefon: 089-233-43599<\/span><\/td>\n<\/tr>\n<\/tbody>\n<\/table>\n<p>&nbsp;<\/p>\n<p>&nbsp;<\/p>\n","protected":false},"excerpt":{"rendered":"<p>Kontakt und&nbsp;Adressen a) Ansprechpartner&nbsp;Damen Schnecken (HC Wacker M\u00fcnchen) Nina D\u00f6llein,&nbsp;nini5 (et)&nbsp;gmx. net Sportbund Rosenheim Birgit Nielsen,&nbsp;birgit_nielsen&nbsp;(et)&nbsp;web. de Petra Pertl, petra.pertl&nbsp;(et)&nbsp;web. de ASV M\u00fcnchen Rebekka Dvorak,&nbsp;rebekka.dvorak &nbsp;(et)&nbsp;parkstadtschwabing.net M\u00fcnchner Sportclub Sabine Becker,&nbsp;sabine.beckerbecker(et) t-online. de M\u00fcnchner Mischung Erika Holtherm,&nbsp;vavite.holtherm&nbsp;(et)&nbsp;gmx. de HLCRW M\u00fcnchen Susanne Wimmer, susannewimmer&nbsp;(et)&nbsp;web. de Daniela Wells,&nbsp;daniela.wells&nbsp;(et)&nbsp;gmx. de ESV M\u00fcnchen Heike Kreitmaier,&nbsp;heike.kreitmaier&nbsp;(et)&nbsp;esv-hockey. de b) Ansprechpartner&nbsp;Herren Avivos (HC &hellip; <a href=\"https:\/\/www.seniorenhockey.de\/?page_id=204\" class=\"more-link\"><span class=\"screen-reader-text\">Kontakt und Spielerpool<\/span> weiterlesen <span class=\"meta-nav\">&rarr;<\/span><\/a><\/p>\n","protected":false},"author":3,"featured_media":0,"parent":0,"menu_order":6,"comment_status":"closed","ping_status":"open","template":"","meta":{"ngg_post_thumbnail":0,"footnotes":""},"class_list":["post-204","page","type-page","status-publish","hentry"],"_links":{"self":[{"href":"https:\/\/www.seniorenhockey.de\/index.php?rest_route=\/wp\/v2\/pages\/204","targetHints":{"allow":["GET"]}}],"collection":[{"href":"https:\/\/www.seniorenhockey.de\/index.php?rest_route=\/wp\/v2\/pages"}],"about":[{"href":"https:\/\/www.seniorenhockey.de\/index.php?rest_route=\/wp\/v2\/types\/page"}],"author":[{"embeddable":true,"href":"https:\/\/www.seniorenhockey.de\/index.php?rest_route=\/wp\/v2\/users\/3"}],"replies":[{"embeddable":true,"href":"https:\/\/www.seniorenhockey.de\/index.php?rest_route=%2Fwp%2Fv2%2Fcomments&post=204"}],"version-history":[{"count":76,"href":"https:\/\/www.seniorenhockey.de\/index.php?rest_route=\/wp\/v2\/pages\/204\/revisions"}],"predecessor-version":[{"id":4951,"href":"https:\/\/www.seniorenhockey.de\/index.php?rest_route=\/wp\/v2\/pages\/204\/revisions\/4951"}],"wp:attachment":[{"href":"https:\/\/www.seniorenhockey.de\/index.php?rest_route=%2Fwp%2Fv2%2Fmedia&parent=204"}],"curies":[{"name":"wp","href":"https:\/\/api.w.org\/{rel}","templated":true}]}}